{"id":466,"date":"2023-05-17T17:26:35","date_gmt":"2023-05-17T17:26:35","guid":{"rendered":"https:\/\/hgmax.com.br\/?page_id=466"},"modified":"2023-12-06T01:51:52","modified_gmt":"2023-12-06T01:51:52","slug":"sobre","status":"publish","type":"page","link":"https:\/\/hgmax.com.br\/index.php\/sobre\/","title":{"rendered":"Sobre"},"content":{"rendered":"\t\t<div data-elementor-type=\"wp-page\" data-elementor-id=\"466\" class=\"elementor elementor-466\" data-elementor-post-type=\"page\">\n\t\t\t\t<div class=\"elementor-element elementor-element-bea1070 e-flex e-con-boxed e-con e-parent\" data-id=\"bea1070\" data-element_type=\"container\" data-e-type=\"container\" data-settings=\"{&quot;background_background&quot;:&quot;classic&quot;}\">\n\t\t\t\t\t<div class=\"e-con-inner\">\n\t\t<div class=\"elementor-element elementor-element-a8fc1cf e-con-full e-flex e-con e-child\" data-id=\"a8fc1cf\" data-element_type=\"container\" data-e-type=\"container\">\n\t\t\t\t<div class=\"elementor-element elementor-element-f92c23d elementor-widget elementor-widget-heading\" data-id=\"f92c23d\" data-element_type=\"widget\" data-e-type=\"widget\" data-widget_type=\"heading.default\">\n\t\t\t\t<div class=\"elementor-widget-container\">\n\t\t\t\t\t<h2 class=\"elementor-heading-title elementor-size-default\">Sobre\n<\/br>a HGmax<\/h2>\t\t\t\t<\/div>\n\t\t\t\t<\/div>\n\t\t\t\t<div class=\"elementor-element elementor-element-00f28ca elementor-widget elementor-widget-text-editor\" data-id=\"00f28ca\" data-element_type=\"widget\" data-e-type=\"widget\" data-widget_type=\"text-editor.default\">\n\t\t\t\t<div class=\"elementor-widget-container\">\n\t\t\t\t\t\t\t\t\t<p>Especializados no fornecimento de equipamentos met\u00e1licos para constru\u00e7\u00e3o civil, a HGMAX utiliza dos melhores materiais, m\u00e3o de obra especializada e uma equipe altamente capacitada no atendimento de seus clientes e parceiros. Com sede de mais de 6.000m\u00b2 de \u00e1rea localizada na cidade de S\u00e3o Paulo, a empresa possui uma <b>estrutura equipada com tecnologia de alto desempenho e controle de qualidade apurado<\/b><\/p>\t\t\t\t\t\t\t\t<\/div>\n\t\t\t\t<\/div>\n\t\t\t\t<\/div>\n\t\t<div class=\"elementor-element elementor-element-560d51d e-con-full elementor-hidden-mobile e-flex e-con e-child\" data-id=\"560d51d\" data-element_type=\"container\" data-e-type=\"container\">\n\t\t\t\t<div class=\"elementor-element elementor-element-fc3512f elementor-widget elementor-widget-image\" data-id=\"fc3512f\" data-element_type=\"widget\" data-e-type=\"widget\" data-widget_type=\"image.default\">\n\t\t\t\t<div class=\"elementor-widget-container\">\n\t\t\t\t\t\t\t\t\t\t\t\t\t\t\t<img fetchpriority=\"high\" decoding=\"async\" width=\"800\" height=\"681\" src=\"https:\/\/hgmax.com.br\/wp-content\/uploads\/2023\/05\/image_2023-05-17_143529299-1024x872.png\" class=\"attachment-large size-large wp-image-469\" alt=\"\" srcset=\"https:\/\/hgmax.com.br\/wp-content\/uploads\/2023\/05\/image_2023-05-17_143529299-1024x872.png 1024w, https:\/\/hgmax.com.br\/wp-content\/uploads\/2023\/05\/image_2023-05-17_143529299-300x256.png 300w, https:\/\/hgmax.com.br\/wp-content\/uploads\/2023\/05\/image_2023-05-17_143529299-768x654.png 768w, https:\/\/hgmax.com.br\/wp-content\/uploads\/2023\/05\/image_2023-05-17_143529299-1536x1308.png 1536w, https:\/\/hgmax.com.br\/wp-content\/uploads\/2023\/05\/image_2023-05-17_143529299.png 1888w\" sizes=\"(max-width: 800px) 100vw, 800px\" \/>\t\t\t\t\t\t\t\t\t\t\t\t\t\t\t<\/div>\n\t\t\t\t<\/div>\n\t\t\t\t<\/div>\n\t\t\t\t\t<\/div>\n\t\t\t\t<\/div>\n\t\t<div class=\"elementor-element elementor-element-01cc83a e-flex e-con-boxed e-con e-parent\" data-id=\"01cc83a\" data-element_type=\"container\" data-e-type=\"container\" data-settings=\"{&quot;background_background&quot;:&quot;classic&quot;}\">\n\t\t\t\t\t<div class=\"e-con-inner\">\n\t\t<div class=\"elementor-element elementor-element-abeb870 e-flex e-con-boxed e-con e-child\" data-id=\"abeb870\" data-element_type=\"container\" data-e-type=\"container\" data-settings=\"{&quot;background_background&quot;:&quot;gradient&quot;}\">\n\t\t\t\t\t<div class=\"e-con-inner\">\n\t\t<div class=\"elementor-element elementor-element-561950a e-flex e-con-boxed e-con e-child\" data-id=\"561950a\" data-element_type=\"container\" data-e-type=\"container\">\n\t\t\t\t\t<div class=\"e-con-inner\">\n\t\t\t\t<div class=\"elementor-element elementor-element-14f4464 elementor-widget elementor-widget-image\" data-id=\"14f4464\" data-element_type=\"widget\" data-e-type=\"widget\" data-widget_type=\"image.default\">\n\t\t\t\t<div class=\"elementor-widget-container\">\n\t\t\t\t\t\t\t\t\t\t\t\t\t\t\t<img decoding=\"async\" width=\"800\" height=\"974\" src=\"https:\/\/hgmax.com.br\/wp-content\/uploads\/2023\/05\/image_2023-05-17_144838680-841x1024.png\" class=\"attachment-large size-large wp-image-470\" alt=\"\" srcset=\"https:\/\/hgmax.com.br\/wp-content\/uploads\/2023\/05\/image_2023-05-17_144838680-841x1024.png 841w, https:\/\/hgmax.com.br\/wp-content\/uploads\/2023\/05\/image_2023-05-17_144838680-246x300.png 246w, https:\/\/hgmax.com.br\/wp-content\/uploads\/2023\/05\/image_2023-05-17_144838680-768x935.png 768w, https:\/\/hgmax.com.br\/wp-content\/uploads\/2023\/05\/image_2023-05-17_144838680-1261x1536.png 1261w, https:\/\/hgmax.com.br\/wp-content\/uploads\/2023\/05\/image_2023-05-17_144838680-1682x2048.png 1682w, https:\/\/hgmax.com.br\/wp-content\/uploads\/2023\/05\/image_2023-05-17_144838680.png 1744w\" sizes=\"(max-width: 800px) 100vw, 800px\" \/>\t\t\t\t\t\t\t\t\t\t\t\t\t\t\t<\/div>\n\t\t\t\t<\/div>\n\t\t\t\t\t<\/div>\n\t\t\t\t<\/div>\n\t\t<div class=\"elementor-element elementor-element-17b596f e-flex e-con-boxed e-con e-child\" data-id=\"17b596f\" data-element_type=\"container\" data-e-type=\"container\">\n\t\t\t\t\t<div class=\"e-con-inner\">\n\t\t\t\t<div class=\"elementor-element elementor-element-5660418 elementor-widget elementor-widget-heading\" data-id=\"5660418\" data-element_type=\"widget\" data-e-type=\"widget\" data-widget_type=\"heading.default\">\n\t\t\t\t<div class=\"elementor-widget-container\">\n\t\t\t\t\t<h2 class=\"elementor-heading-title elementor-size-default\">PARA VOC\u00ca<\/br>\nQUE \u00c9 LOCADOR<\/br> OU CONSTRUTOR!<\/h2>\t\t\t\t<\/div>\n\t\t\t\t<\/div>\n\t\t\t\t<div class=\"elementor-element elementor-element-f176eb6 elementor-widget elementor-widget-heading\" data-id=\"f176eb6\" data-element_type=\"widget\" data-e-type=\"widget\" data-widget_type=\"heading.default\">\n\t\t\t\t<div class=\"elementor-widget-container\">\n\t\t\t\t\t<h3 class=\"elementor-heading-title elementor-size-default\">Aqui voc\u00ea encontra equipamentos met\u00e1licos de qualidade!<\/h3>\t\t\t\t<\/div>\n\t\t\t\t<\/div>\n\t\t\t\t<div class=\"elementor-element elementor-element-9ecc698 elementor-widget elementor-widget-heading\" data-id=\"9ecc698\" data-element_type=\"widget\" data-e-type=\"widget\" data-widget_type=\"heading.default\">\n\t\t\t\t<div class=\"elementor-widget-container\">\n\t\t\t\t\t<h6 class=\"elementor-heading-title elementor-size-default\">Se voc\u00ea procura equipamentos met\u00e1licos de alta qualidade, a HGMAX \u00e9 a solu\u00e7\u00e3o que voc\u00ea precisa! N\u00f3s somos especializados em fornecer equipamentos met\u00e1licos de alta qualidade para construtoras e empresas de loca\u00e7\u00e3o em todo o pa\u00eds.<\/h6>\t\t\t\t<\/div>\n\t\t\t\t<\/div>\n\t\t\t\t\t<\/div>\n\t\t\t\t<\/div>\n\t\t\t\t\t<\/div>\n\t\t\t\t<\/div>\n\t\t<div class=\"elementor-element elementor-element-efe0ec0 e-flex e-con-boxed e-con e-child\" data-id=\"efe0ec0\" data-element_type=\"container\" data-e-type=\"container\">\n\t\t\t\t\t<div class=\"e-con-inner\">\n\t\t<div class=\"elementor-element elementor-element-92327bc e-con-full e-flex e-con e-child\" data-id=\"92327bc\" data-element_type=\"container\" data-e-type=\"container\">\n\t\t\t\t<div class=\"elementor-element elementor-element-bfdd4df elementor-widget elementor-widget-image\" data-id=\"bfdd4df\" data-element_type=\"widget\" data-e-type=\"widget\" data-widget_type=\"image.default\">\n\t\t\t\t<div class=\"elementor-widget-container\">\n\t\t\t\t\t\t\t\t\t\t\t\t\t\t\t<img decoding=\"async\" width=\"800\" height=\"241\" src=\"https:\/\/hgmax.com.br\/wp-content\/uploads\/2022\/10\/PNG-LOGO-HGMAX-Orimizado-1024x308.png\" class=\"attachment-large size-large wp-image-90\" alt=\"\" srcset=\"https:\/\/hgmax.com.br\/wp-content\/uploads\/2022\/10\/PNG-LOGO-HGMAX-Orimizado-1024x308.png 1024w, https:\/\/hgmax.com.br\/wp-content\/uploads\/2022\/10\/PNG-LOGO-HGMAX-Orimizado-300x90.png 300w, https:\/\/hgmax.com.br\/wp-content\/uploads\/2022\/10\/PNG-LOGO-HGMAX-Orimizado-768x231.png 768w, https:\/\/hgmax.com.br\/wp-content\/uploads\/2022\/10\/PNG-LOGO-HGMAX-Orimizado-1536x462.png 1536w, https:\/\/hgmax.com.br\/wp-content\/uploads\/2022\/10\/PNG-LOGO-HGMAX-Orimizado.png 2000w\" sizes=\"(max-width: 800px) 100vw, 800px\" \/>\t\t\t\t\t\t\t\t\t\t\t\t\t\t\t<\/div>\n\t\t\t\t<\/div>\n\t\t\t\t<\/div>\n\t\t<div class=\"elementor-element elementor-element-e6e0cf5 e-flex e-con-boxed e-con e-child\" data-id=\"e6e0cf5\" data-element_type=\"container\" data-e-type=\"container\" data-settings=\"{&quot;background_background&quot;:&quot;classic&quot;}\">\n\t\t\t\t\t<div class=\"e-con-inner\">\n\t\t\t\t<div class=\"elementor-element elementor-element-c96fbcc elementor-widget elementor-widget-text-editor\" data-id=\"c96fbcc\" data-element_type=\"widget\" data-e-type=\"widget\" data-widget_type=\"text-editor.default\">\n\t\t\t\t<div class=\"elementor-widget-container\">\n\t\t\t\t\t\t\t\t\t<p>Com nossa ampla variedade de produtos, incluindo escoras met\u00e1licas galvanizadas, barras de ancoragem e outras pe\u00e7as complementares, podemos atender \u00e0s demandas de sua empresa com rapidez e efici\u00eancia. Nossos produtos s\u00e3o fabricados com materiais de primeira qualidade e em conformidade com as normas t\u00e9cnicas mais rigorosas do mercado, garantindo a m\u00e1xima seguran\u00e7a e durabilidade.<br \/><br \/>Trabalhamos em parceria com os melhores fornecedores internacionais para garantir a qualidade e a seguran\u00e7a dos nossos equipamentos met\u00e1licos com pre\u00e7os abaixo do mercado. Temos a mais alta disponibilidade de estoque, ou seja, estamos prontos para atender \u00e0s demandas de sua empresa com a rapidez, efici\u00eancia e a efic\u00e1cia que precisar.<br \/><br \/>N\u00e3o perca mais tempo procurando por equipamentos met\u00e1licos de qualidade! Escolha a HGMAX e tenha a certeza de que est\u00e1 adquirindo produtos confi\u00e1veis e dur\u00e1veis para sua construtora ou empresa de loca\u00e7\u00e3o de equipamentos met\u00e1licos.<br \/><br \/>Entre em contato conosco agora mesmo e solicite um or\u00e7amento sem compromisso. A HGMAX est\u00e1 pronta para ser a parceira que a sua empresa precisa para ter sucesso nos seus projetos de constru\u00e7\u00e3o civil!<\/p>\t\t\t\t\t\t\t\t<\/div>\n\t\t\t\t<\/div>\n\t\t\t\t<div class=\"elementor-element elementor-element-7e2efcf elementor-mobile-align-center elementor-widget elementor-widget-button\" data-id=\"7e2efcf\" data-element_type=\"widget\" data-e-type=\"widget\" data-widget_type=\"button.default\">\n\t\t\t\t<div class=\"elementor-widget-container\">\n\t\t\t\t\t\t\t\t\t<div class=\"elementor-button-wrapper\">\n\t\t\t\t\t<a class=\"elementor-button elementor-button-link elementor-size-sm elementor-animation-float\" href=\"\/#contato\">\n\t\t\t\t\t\t<span class=\"elementor-button-content-wrapper\">\n\t\t\t\t\t\t\t\t\t<span class=\"elementor-button-text\">Entre em contato<\/span>\n\t\t\t\t\t<\/span>\n\t\t\t\t\t<\/a>\n\t\t\t\t<\/div>\n\t\t\t\t\t\t\t\t<\/div>\n\t\t\t\t<\/div>\n\t\t\t\t\t<\/div>\n\t\t\t\t<\/div>\n\t\t\t\t\t<\/div>\n\t\t\t\t<\/div>\n\t\t\t\t\t<\/div>\n\t\t\t\t<\/div>\n\t\t<div class=\"elementor-element elementor-element-9223582 e-flex e-con-boxed e-con e-parent\" data-id=\"9223582\" data-element_type=\"container\" data-e-type=\"container\" data-settings=\"{&quot;background_background&quot;:&quot;gradient&quot;}\">\n\t\t\t\t\t<div class=\"e-con-inner\">\n\t\t<div class=\"elementor-element elementor-element-73e4ece e-con-full elementor-hidden-mobile e-flex e-con e-child\" data-id=\"73e4ece\" data-element_type=\"container\" data-e-type=\"container\">\n\t\t\t\t<div class=\"elementor-element elementor-element-e399a32 elementor-widget elementor-widget-image\" data-id=\"e399a32\" data-element_type=\"widget\" data-e-type=\"widget\" data-widget_type=\"image.default\">\n\t\t\t\t<div class=\"elementor-widget-container\">\n\t\t\t\t\t\t\t\t\t\t\t\t\t\t\t<img loading=\"lazy\" decoding=\"async\" width=\"800\" height=\"909\" src=\"https:\/\/hgmax.com.br\/wp-content\/uploads\/2023\/05\/image_2023-05-17_152556854.png\" class=\"attachment-large size-large wp-image-472\" alt=\"\" srcset=\"https:\/\/hgmax.com.br\/wp-content\/uploads\/2023\/05\/image_2023-05-17_152556854.png 824w, https:\/\/hgmax.com.br\/wp-content\/uploads\/2023\/05\/image_2023-05-17_152556854-264x300.png 264w, https:\/\/hgmax.com.br\/wp-content\/uploads\/2023\/05\/image_2023-05-17_152556854-768x872.png 768w\" sizes=\"(max-width: 800px) 100vw, 800px\" \/>\t\t\t\t\t\t\t\t\t\t\t\t\t\t\t<\/div>\n\t\t\t\t<\/div>\n\t\t\t\t<\/div>\n\t\t<div class=\"elementor-element elementor-element-b4baa81 e-con-full elementor-hidden-mobile e-flex e-con e-child\" data-id=\"b4baa81\" data-element_type=\"container\" data-e-type=\"container\">\n\t\t\t\t<div class=\"elementor-element elementor-element-9a33058 elementor-widget elementor-widget-image\" data-id=\"9a33058\" data-element_type=\"widget\" data-e-type=\"widget\" data-widget_type=\"image.default\">\n\t\t\t\t<div class=\"elementor-widget-container\">\n\t\t\t\t\t\t\t\t\t\t\t\t\t\t\t<img loading=\"lazy\" decoding=\"async\" width=\"800\" height=\"909\" src=\"https:\/\/hgmax.com.br\/wp-content\/uploads\/2023\/05\/image_2023-05-17_152643199.png\" class=\"attachment-large size-large wp-image-473\" alt=\"\" srcset=\"https:\/\/hgmax.com.br\/wp-content\/uploads\/2023\/05\/image_2023-05-17_152643199.png 824w, https:\/\/hgmax.com.br\/wp-content\/uploads\/2023\/05\/image_2023-05-17_152643199-264x300.png 264w, https:\/\/hgmax.com.br\/wp-content\/uploads\/2023\/05\/image_2023-05-17_152643199-768x872.png 768w\" sizes=\"(max-width: 800px) 100vw, 800px\" \/>\t\t\t\t\t\t\t\t\t\t\t\t\t\t\t<\/div>\n\t\t\t\t<\/div>\n\t\t\t\t<\/div>\n\t\t<div class=\"elementor-element elementor-element-0c3a420 e-con-full e-flex e-con e-child\" data-id=\"0c3a420\" data-element_type=\"container\" data-e-type=\"container\">\n\t\t\t\t<div class=\"elementor-element elementor-element-bdc8f24 elementor-widget elementor-widget-heading\" data-id=\"bdc8f24\" data-element_type=\"widget\" data-e-type=\"widget\" data-widget_type=\"heading.default\">\n\t\t\t\t<div class=\"elementor-widget-container\">\n\t\t\t\t\t<h2 class=\"elementor-heading-title elementor-size-default\">Nossa Miss\u00e3o<\/h2>\t\t\t\t<\/div>\n\t\t\t\t<\/div>\n\t\t\t\t<div class=\"elementor-element elementor-element-be69ca1 elementor-widget elementor-widget-text-editor\" data-id=\"be69ca1\" data-element_type=\"widget\" data-e-type=\"widget\" data-widget_type=\"text-editor.default\">\n\t\t\t\t<div class=\"elementor-widget-container\">\n\t\t\t\t\t\t\t\t\t<p><span style=\"font-weight: 400;\">Proporcionar aos clientes equipamentos de qualidade, com intuito de aprimorar o progresso da Constru\u00e7\u00e3o Civil<\/span><\/p>\t\t\t\t\t\t\t\t<\/div>\n\t\t\t\t<\/div>\n\t\t\t\t<div class=\"elementor-element elementor-element-2516d0b elementor-widget elementor-widget-heading\" data-id=\"2516d0b\" data-element_type=\"widget\" data-e-type=\"widget\" data-widget_type=\"heading.default\">\n\t\t\t\t<div class=\"elementor-widget-container\">\n\t\t\t\t\t<h2 class=\"elementor-heading-title elementor-size-default\">Nossa Vis\u00e3o<\/h2>\t\t\t\t<\/div>\n\t\t\t\t<\/div>\n\t\t\t\t<div class=\"elementor-element elementor-element-0a108b1 elementor-widget elementor-widget-text-editor\" data-id=\"0a108b1\" data-element_type=\"widget\" data-e-type=\"widget\" data-widget_type=\"text-editor.default\">\n\t\t\t\t<div class=\"elementor-widget-container\">\n\t\t\t\t\t\t\t\t\t<p><span style=\"font-weight: 400;\">Tornar-se refer\u00eancia na venda de equipamentos de escoramentos e andaimes para constru\u00e7\u00e3o civil no Brasil.<\/span><\/p>\t\t\t\t\t\t\t\t<\/div>\n\t\t\t\t<\/div>\n\t\t\t\t<\/div>\n\t\t\t\t\t<\/div>\n\t\t\t\t<\/div>\n\t\t<div class=\"elementor-element elementor-element-fde722a e-flex e-con-boxed e-con e-parent\" data-id=\"fde722a\" data-element_type=\"container\" data-e-type=\"container\" data-settings=\"{&quot;background_background&quot;:&quot;classic&quot;}\">\n\t\t\t\t\t<div class=\"e-con-inner\">\n\t\t<div class=\"elementor-element elementor-element-7dbe221 e-con-full e-flex e-con e-child\" data-id=\"7dbe221\" data-element_type=\"container\" data-e-type=\"container\">\n\t\t\t\t<div class=\"elementor-element elementor-element-433d0d8 elementor-widget elementor-widget-heading\" data-id=\"433d0d8\" data-element_type=\"widget\" data-e-type=\"widget\" data-widget_type=\"heading.default\">\n\t\t\t\t<div class=\"elementor-widget-container\">\n\t\t\t\t\t<h2 class=\"elementor-heading-title elementor-size-default\">Na HGMax, acreditamos em fornecer solu\u00e7\u00f5es de alta qualidade e atendimento excepcional ao cliente.<\/h2>\t\t\t\t<\/div>\n\t\t\t\t<\/div>\n\t\t\t\t<\/div>\n\t\t<div class=\"elementor-element elementor-element-4271be6 e-con-full elementor-hidden-mobile e-flex e-con e-child\" data-id=\"4271be6\" data-element_type=\"container\" data-e-type=\"container\">\n\t\t\t\t<div class=\"elementor-element elementor-element-a9969ee elementor-widget elementor-widget-heading\" data-id=\"a9969ee\" data-element_type=\"widget\" data-e-type=\"widget\" data-widget_type=\"heading.default\">\n\t\t\t\t<div class=\"elementor-widget-container\">\n\t\t\t\t\t<h5 class=\"elementor-heading-title elementor-size-default\">Nossos valores\nfundamentais incluem:<\/h5>\t\t\t\t<\/div>\n\t\t\t\t<\/div>\n\t\t\t\t<div class=\"elementor-element elementor-element-bbb991c elementor-widget elementor-widget-text-editor\" data-id=\"bbb991c\" data-element_type=\"widget\" data-e-type=\"widget\" data-widget_type=\"text-editor.default\">\n\t\t\t\t<div class=\"elementor-widget-container\">\n\t\t\t\t\t\t\t\t\t<ul><li><p><span style=\"font-weight: 400;\">Excel\u00eancia no atendimento.<\/span><\/p><p>\u00a0<\/p><\/li><li><p><span style=\"font-weight: 400;\">Trabalho em equipe.<\/span><\/p><p>\u00a0<\/p><\/li><li><p><span style=\"font-weight: 400;\">Harmonia no ambiente organizacional.<\/span><\/p><p>\u00a0<\/p><\/li><li><p><span style=\"font-weight: 400;\">Preservar a hist\u00f3ria e a imagem da Institui\u00e7\u00e3o.<\/span><\/p><\/li><\/ul>\t\t\t\t\t\t\t\t<\/div>\n\t\t\t\t<\/div>\n\t\t\t\t<\/div>\n\t\t\t\t\t<\/div>\n\t\t\t\t<\/div>\n\t\t\t\t<\/div>\n\t\t","protected":false},"excerpt":{"rendered":"<p>Sobre a HGmax Especializados no fornecimento de equipamentos met\u00e1licos para constru\u00e7\u00e3o civil, a HGMAX utiliza dos melhores materiais, m\u00e3o de obra especializada e uma equipe altamente capacitada no atendimento de seus clientes e parceiros. Com sede de mais de 6.000m\u00b2 de \u00e1rea localizada na cidade de S\u00e3o Paulo, a empresa possui uma estrutura equipada com [&hellip;]<\/p>\n","protected":false},"author":3,"featured_media":0,"parent":0,"menu_order":0,"comment_status":"closed","ping_status":"closed","template":"","meta":{"footnotes":""},"class_list":["post-466","page","type-page","status-publish","hentry"],"aioseo_notices":[],"_links":{"self":[{"href":"https:\/\/hgmax.com.br\/index.php\/wp-json\/wp\/v2\/pages\/466","targetHints":{"allow":["GET"]}}],"collection":[{"href":"https:\/\/hgmax.com.br\/index.php\/wp-json\/wp\/v2\/pages"}],"about":[{"href":"https:\/\/hgmax.com.br\/index.php\/wp-json\/wp\/v2\/types\/page"}],"author":[{"embeddable":true,"href":"https:\/\/hgmax.com.br\/index.php\/wp-json\/wp\/v2\/users\/3"}],"replies":[{"embeddable":true,"href":"https:\/\/hgmax.com.br\/index.php\/wp-json\/wp\/v2\/comments?post=466"}],"version-history":[{"count":20,"href":"https:\/\/hgmax.com.br\/index.php\/wp-json\/wp\/v2\/pages\/466\/revisions"}],"predecessor-version":[{"id":702,"href":"https:\/\/hgmax.com.br\/index.php\/wp-json\/wp\/v2\/pages\/466\/revisions\/702"}],"wp:attachment":[{"href":"https:\/\/hgmax.com.br\/index.php\/wp-json\/wp\/v2\/media?parent=466"}],"curies":[{"name":"wp","href":"https:\/\/api.w.org\/{rel}","templated":true}]}}